{"id":5272,"date":"2023-01-02T07:47:16","date_gmt":"2023-01-02T07:47:16","guid":{"rendered":"https:\/\/joeljuht.com\/foto-ja-video-koolitus\/"},"modified":"2023-01-03T13:01:37","modified_gmt":"2023-01-03T13:01:37","slug":"foto-ja-video-koolitus","status":"publish","type":"page","link":"https:\/\/joeljuht.com\/et\/foto-ja-video-koolitus\/","title":{"rendered":"Foto- ja video koolitus"},"content":{"rendered":"\t\t<div data-elementor-type=\"wp-page\" data-elementor-id=\"5272\" class=\"elementor elementor-5272 elementor-5230\" data-elementor-post-type=\"page\">\n\t\t\t\t\t\t<section class=\"elementor-section elementor-top-section elementor-element elementor-element-4e311a2 elementor-section-full_width elementor-section-height-default elementor-section-height-default\" data-id=\"4e311a2\" data-element_type=\"section\" data-e-type=\"section\">\n\t\t\t\t\t\t<div class=\"elementor-container elementor-column-gap-default\">\n\t\t\t\t\t<div class=\"elementor-column elementor-col-33 elementor-top-column elementor-element elementor-element-cbb5d66\" data-id=\"cbb5d66\" data-element_type=\"column\" data-e-type=\"column\" data-settings=\"{&quot;background_background&quot;:&quot;classic&quot;}\">\n\t\t\t<div class=\"elementor-widget-wrap elementor-element-populated\">\n\t\t\t\t\t\t<div class=\"elementor-element elementor-element-39dd437 elementor-widget elementor-widget-image\" data-id=\"39dd437\" data-element_type=\"widget\" data-e-type=\"widget\" data-settings=\"{&quot;sticky&quot;:&quot;top&quot;,&quot;sticky_offset&quot;:100,&quot;sticky_parent&quot;:&quot;yes&quot;,&quot;sticky_on&quot;:[&quot;desktop&quot;,&quot;tablet&quot;,&quot;mobile&quot;],&quot;sticky_effects_offset&quot;:0,&quot;sticky_anchor_link_offset&quot;:0}\" data-widget_type=\"image.default\">\n\t\t\t\t<div class=\"elementor-widget-container\">\n\t\t\t\t\t\t\t\t\t\t\t\t\t\t\t<img fetchpriority=\"high\" decoding=\"async\" width=\"1600\" height=\"1066\" src=\"https:\/\/joeljuht.com\/wp-content\/uploads\/2022\/12\/DSC09326.webp\" class=\"attachment-full size-full wp-image-4801\" alt=\"\" srcset=\"https:\/\/joeljuht.com\/wp-content\/uploads\/2022\/12\/DSC09326.webp 1600w, https:\/\/joeljuht.com\/wp-content\/uploads\/2022\/12\/DSC09326-600x400.webp 600w, https:\/\/joeljuht.com\/wp-content\/uploads\/2022\/12\/DSC09326-300x200.webp 300w, https:\/\/joeljuht.com\/wp-content\/uploads\/2022\/12\/DSC09326-1024x682.webp 1024w, https:\/\/joeljuht.com\/wp-content\/uploads\/2022\/12\/DSC09326-768x512.webp 768w, https:\/\/joeljuht.com\/wp-content\/uploads\/2022\/12\/DSC09326-1536x1023.webp 1536w\" sizes=\"(max-width: 1600px) 100vw, 1600px\" \/>\t\t\t\t\t\t\t\t\t\t\t\t\t\t\t<\/div>\n\t\t\t\t<\/div>\n\t\t\t\t\t<\/div>\n\t\t<\/div>\n\t\t\t\t<div class=\"elementor-column elementor-col-66 elementor-top-column elementor-element elementor-element-0aa9bbf\" data-id=\"0aa9bbf\" data-element_type=\"column\" data-e-type=\"column\" data-settings=\"{&quot;background_background&quot;:&quot;classic&quot;}\">\n\t\t\t<div class=\"elementor-widget-wrap elementor-element-populated\">\n\t\t\t\t\t\t<section class=\"elementor-section elementor-inner-section elementor-element elementor-element-26ec002 elementor-reverse-tablet elementor-reverse-mobile elementor-section-boxed elementor-section-height-default elementor-section-height-default\" data-id=\"26ec002\" data-element_type=\"section\" data-e-type=\"section\">\n\t\t\t\t\t\t<div class=\"elementor-container elementor-column-gap-no\">\n\t\t\t\t\t<div class=\"elementor-column elementor-col-100 elementor-inner-column elementor-element elementor-element-8ba9674\" data-id=\"8ba9674\" data-element_type=\"column\" data-e-type=\"column\">\n\t\t\t<div class=\"elementor-widget-wrap elementor-element-populated\">\n\t\t\t\t\t\t<div class=\"elementor-element elementor-element-6ac4cf8 elementor-invisible elementor-widget elementor-widget-heading\" data-id=\"6ac4cf8\" data-element_type=\"widget\" data-e-type=\"widget\" data-settings=\"{&quot;_animation&quot;:&quot;fadeIn&quot;}\" data-widget_type=\"heading.default\">\n\t\t\t\t<div class=\"elementor-widget-container\">\n\t\t\t\t\t<span class=\"elementor-heading-title elementor-size-default\"><span style=\"color: #69E2F6\">J<\/span>OEL<\/span>\t\t\t\t<\/div>\n\t\t\t\t<\/div>\n\t\t\t\t<div class=\"elementor-element elementor-element-d5fcee6 elementor-invisible elementor-widget elementor-widget-heading\" data-id=\"d5fcee6\" data-element_type=\"widget\" data-e-type=\"widget\" data-settings=\"{&quot;_animation&quot;:&quot;fadeInUp&quot;}\" data-widget_type=\"heading.default\">\n\t\t\t\t<div class=\"elementor-widget-container\">\n\t\t\t\t\t<h2 class=\"elementor-heading-title elementor-size-default\">Foto-ja video koolitus\n<\/h2>\t\t\t\t<\/div>\n\t\t\t\t<\/div>\n\t\t\t\t<div class=\"elementor-element elementor-element-d4f2fd4 elementor-blockquote--skin-border elementor-invisible elementor-widget elementor-widget-blockquote\" data-id=\"d4f2fd4\" data-element_type=\"widget\" data-e-type=\"widget\" data-settings=\"{&quot;_animation&quot;:&quot;fadeIn&quot;}\" data-widget_type=\"blockquote.default\">\n\t\t\t\t<div class=\"elementor-widget-container\">\n\t\t\t\t\t\t\t<blockquote class=\"elementor-blockquote\">\n\t\t\t<p class=\"elementor-blockquote__content\">\n\t\t\t\t\u201cTegeliku ja t\u00f5husa pildistamise eesm\u00e4rk on n\u00e4ha pinnast kaugemale ja j\u00e4\u00e4dvustada looduse ja inimkonna omadusi, mis elavad ja \/ v\u00f5i on olemas k\u00f5igis asjades.\u201d\t\t\t<\/p>\n\t\t\t\t\t<\/blockquote>\n\t\t\t\t\t\t<\/div>\n\t\t\t\t<\/div>\n\t\t\t\t<div class=\"elementor-element elementor-element-b4081d8 elementor-widget-divider--view-line elementor-invisible elementor-widget elementor-widget-divider\" data-id=\"b4081d8\" data-element_type=\"widget\" data-e-type=\"widget\" data-settings=\"{&quot;_animation&quot;:&quot;fadeIn&quot;}\" data-widget_type=\"divider.default\">\n\t\t\t\t<div class=\"elementor-widget-container\">\n\t\t\t\t\t\t\t<div class=\"elementor-divider\">\n\t\t\t<span class=\"elementor-divider-separator\">\n\t\t\t\t\t\t<\/span>\n\t\t<\/div>\n\t\t\t\t\t\t<\/div>\n\t\t\t\t<\/div>\n\t\t\t\t<div class=\"elementor-element elementor-element-3d1504b elementor-widget elementor-widget-heading\" data-id=\"3d1504b\" data-element_type=\"widget\" data-e-type=\"widget\" data-widget_type=\"heading.default\">\n\t\t\t\t<div class=\"elementor-widget-container\">\n\t\t\t\t\t<h2 class=\"elementor-heading-title elementor-size-default\">Kellele?<\/h2>\t\t\t\t<\/div>\n\t\t\t\t<\/div>\n\t\t\t\t<div class=\"elementor-element elementor-element-2bbde54 elementor-mobile-align-center elementor-icon-list--layout-traditional elementor-list-item-link-full_width elementor-widget elementor-widget-icon-list\" data-id=\"2bbde54\" data-element_type=\"widget\" data-e-type=\"widget\" data-widget_type=\"icon-list.default\">\n\t\t\t\t<div class=\"elementor-widget-container\">\n\t\t\t\t\t\t\t<ul class=\"elementor-icon-list-items\">\n\t\t\t\t\t\t\t<li class=\"elementor-icon-list-item\">\n\t\t\t\t\t\t\t\t\t\t\t<span class=\"elementor-icon-list-icon\">\n\t\t\t\t\t\t\t<i aria-hidden=\"true\" class=\"far fa-dot-circle\"><\/i>\t\t\t\t\t\t<\/span>\n\t\t\t\t\t\t\t\t\t\t<span class=\"elementor-icon-list-text\">Fotohuvilistele <\/span>\n\t\t\t\t\t\t\t\t\t<\/li>\n\t\t\t\t\t\t\t\t<li class=\"elementor-icon-list-item\">\n\t\t\t\t\t\t\t\t\t\t\t<span class=\"elementor-icon-list-icon\">\n\t\t\t\t\t\t\t<i aria-hidden=\"true\" class=\"far fa-dot-circle\"><\/i>\t\t\t\t\t\t<\/span>\n\t\t\t\t\t\t\t\t\t\t<span class=\"elementor-icon-list-text\">Kollektiividele <\/span>\n\t\t\t\t\t\t\t\t\t<\/li>\n\t\t\t\t\t\t\t\t<li class=\"elementor-icon-list-item\">\n\t\t\t\t\t\t\t\t\t\t\t<span class=\"elementor-icon-list-icon\">\n\t\t\t\t\t\t\t<i aria-hidden=\"true\" class=\"far fa-dot-circle\"><\/i>\t\t\t\t\t\t<\/span>\n\t\t\t\t\t\t\t\t\t\t<span class=\"elementor-icon-list-text\">K\u00f5igile huvilistele vanuses 10-<\/span>\n\t\t\t\t\t\t\t\t\t<\/li>\n\t\t\t\t\t\t<\/ul>\n\t\t\t\t\t\t<\/div>\n\t\t\t\t<\/div>\n\t\t\t\t<div class=\"elementor-element elementor-element-7c3bd2d elementor-widget elementor-widget-heading\" data-id=\"7c3bd2d\" data-element_type=\"widget\" data-e-type=\"widget\" data-widget_type=\"heading.default\">\n\t\t\t\t<div class=\"elementor-widget-container\">\n\t\t\t\t\t<h2 class=\"elementor-heading-title elementor-size-default\">MIDA KOOLITUS SISALDAB?\n<\/h2>\t\t\t\t<\/div>\n\t\t\t\t<\/div>\n\t\t\t\t<div class=\"elementor-element elementor-element-90f9f58 elementor-mobile-align-center elementor-icon-list--layout-traditional elementor-list-item-link-full_width elementor-widget elementor-widget-icon-list\" data-id=\"90f9f58\" data-element_type=\"widget\" data-e-type=\"widget\" data-widget_type=\"icon-list.default\">\n\t\t\t\t<div class=\"elementor-widget-container\">\n\t\t\t\t\t\t\t<ul class=\"elementor-icon-list-items\">\n\t\t\t\t\t\t\t<li class=\"elementor-icon-list-item\">\n\t\t\t\t\t\t\t\t\t\t\t<span class=\"elementor-icon-list-icon\">\n\t\t\t\t\t\t\t<i aria-hidden=\"true\" class=\"far fa-dot-circle\"><\/i>\t\t\t\t\t\t<\/span>\n\t\t\t\t\t\t\t\t\t\t<span class=\"elementor-icon-list-text\">Teoreetiline osa nii foto kui ka video kohta <\/span>\n\t\t\t\t\t\t\t\t\t<\/li>\n\t\t\t\t\t\t\t\t<li class=\"elementor-icon-list-item\">\n\t\t\t\t\t\t\t\t\t\t\t<span class=\"elementor-icon-list-icon\">\n\t\t\t\t\t\t\t<i aria-hidden=\"true\" class=\"far fa-dot-circle\"><\/i>\t\t\t\t\t\t<\/span>\n\t\t\t\t\t\t\t\t\t\t<span class=\"elementor-icon-list-text\">T\u00f6\u00f6tlemisprogrammide Lightroom, Finalcut tutvustamine <\/span>\n\t\t\t\t\t\t\t\t\t<\/li>\n\t\t\t\t\t\t\t\t<li class=\"elementor-icon-list-item\">\n\t\t\t\t\t\t\t\t\t\t\t<span class=\"elementor-icon-list-icon\">\n\t\t\t\t\t\t\t<i aria-hidden=\"true\" class=\"far fa-dot-circle\"><\/i>\t\t\t\t\t\t<\/span>\n\t\t\t\t\t\t\t\t\t\t<span class=\"elementor-icon-list-text\">Fotode ja videote t\u00f6\u00f6tlemine <\/span>\n\t\t\t\t\t\t\t\t\t<\/li>\n\t\t\t\t\t\t\t\t<li class=\"elementor-icon-list-item\">\n\t\t\t\t\t\t\t\t\t\t\t<span class=\"elementor-icon-list-icon\">\n\t\t\t\t\t\t\t<i aria-hidden=\"true\" class=\"far fa-dot-circle\"><\/i>\t\t\t\t\t\t<\/span>\n\t\t\t\t\t\t\t\t\t\t<span class=\"elementor-icon-list-text\">V\u00e4rviparandused <\/span>\n\t\t\t\t\t\t\t\t\t<\/li>\n\t\t\t\t\t\t\t\t<li class=\"elementor-icon-list-item\">\n\t\t\t\t\t\t\t\t\t\t\t<span class=\"elementor-icon-list-icon\">\n\t\t\t\t\t\t\t<i aria-hidden=\"true\" class=\"far fa-dot-circle\"><\/i>\t\t\t\t\t\t<\/span>\n\t\t\t\t\t\t\t\t\t\t<span class=\"elementor-icon-list-text\">Emotsiooni tekitamine l\u00e4bi pildi, video <\/span>\n\t\t\t\t\t\t\t\t\t<\/li>\n\t\t\t\t\t\t\t\t<li class=\"elementor-icon-list-item\">\n\t\t\t\t\t\t\t\t\t\t\t<span class=\"elementor-icon-list-icon\">\n\t\t\t\t\t\t\t<i aria-hidden=\"true\" class=\"far fa-dot-circle\"><\/i>\t\t\t\t\t\t<\/span>\n\t\t\t\t\t\t\t\t\t\t<span class=\"elementor-icon-list-text\">Monteerimine<\/span>\n\t\t\t\t\t\t\t\t\t<\/li>\n\t\t\t\t\t\t<\/ul>\n\t\t\t\t\t\t<\/div>\n\t\t\t\t<\/div>\n\t\t\t\t<div class=\"elementor-element elementor-element-b1f5b48 elementor-widget elementor-widget-text-editor\" data-id=\"b1f5b48\" data-element_type=\"widget\" data-e-type=\"widget\" data-widget_type=\"text-editor.default\">\n\t\t\t\t<div class=\"elementor-widget-container\">\n\t\t\t\t\t\t\t\t\t<p><span style=\"font-weight: 400;\">Suuremate kollektiivide ja isiklike hinnap\u00e4ringute puhul kirjutage <a href=\"mailto:joel@jjstreet.ee\">joel@jjstreet.ee<\/a>.<\/span><\/p>\n\t\t\t\t\t\t\t\t<\/div>\n\t\t\t\t<\/div>\n\t\t\t\t<div class=\"elementor-element elementor-element-f4f47f1 elementor-view-default elementor-invisible elementor-widget elementor-widget-icon\" data-id=\"f4f47f1\" data-element_type=\"widget\" data-e-type=\"widget\" data-settings=\"{&quot;_animation&quot;:&quot;swing&quot;}\" data-widget_type=\"icon.default\">\n\t\t\t\t<div class=\"elementor-widget-container\">\n\t\t\t\t\t\t\t<div class=\"elementor-icon-wrapper\">\n\t\t\t<div class=\"elementor-icon\">\n\t\t\t<svg xmlns=\"http:\/\/www.w3.org\/2000\/svg\" id=\"b4c2e557-e39c-4a7b-bdc2-29354a3ba60e\" data-name=\"Layer 1\" width=\"26\" height=\"64\" viewBox=\"0 0 26 64\"><path d=\"M13.3164,39.0518C7.7529,37.1973,2,35.2793,2,32s5.7529-5.1968,11.3164-7.0513C19.5518,22.87,26,20.7207,26,16S19.5518,9.13,13.3164,7.0513C7.7529,5.1968,2,3.2793,2,0H0C0,4.7207,6.4482,6.87,12.6836,8.9487,18.2471,10.8032,24,12.7207,24,16s-5.7529,5.1968-11.3164,7.0513C6.4482,25.13,0,27.2793,0,32s6.4482,6.87,12.6836,8.9482C18.2471,42.8027,24,44.7207,24,48s-5.7529,5.1973-11.3164,7.0518C6.4482,57.13,0,59.2793,0,64H2c0-3.2793,5.7529-5.1973,11.3164-7.0518C19.5518,54.87,26,52.7207,26,48S19.5518,41.13,13.3164,39.0518Z\"><\/path><\/svg>\t\t\t<\/div>\n\t\t<\/div>\n\t\t\t\t\t\t<\/div>\n\t\t\t\t<\/div>\n\t\t\t\t\t<\/div>\n\t\t<\/div>\n\t\t\t\t\t<\/div>\n\t\t<\/section>\n\t\t\t\t\t<\/div>\n\t\t<\/div>\n\t\t\t\t\t<\/div>\n\t\t<\/section>\n\t\t\t\t<\/div>\n\t\t","protected":false},"excerpt":{"rendered":"<p>JOEL Foto-ja video koolitus \u201cTegeliku ja t\u00f5husa pildistamise eesm\u00e4rk on n\u00e4ha pinnast kaugemale ja j\u00e4\u00e4dvustada looduse ja inimkonna omadusi, mis elavad ja \/ v\u00f5i on olemas k\u00f5igis asjades.\u201d Kellele? Fotohuvilistele Kollektiividele K\u00f5igile huvilistele vanuses 10- MIDA KOOLITUS SISALDAB? Teoreetiline osa nii foto kui ka video kohta T\u00f6\u00f6tlemisprogrammide Lightroom, Finalcut tutvustamine Fotode ja videote t\u00f6\u00f6tlemine V\u00e4rviparandused [&hellip;]<\/p>\n","protected":false},"author":1,"featured_media":0,"parent":0,"menu_order":0,"comment_status":"closed","ping_status":"closed","template":"elementor_header_footer","meta":{"footnotes":""},"class_list":["post-5272","page","type-page","status-publish","hentry"],"acf":[],"yoast_head":"<!-- This site is optimized with the Yoast SEO plugin v27.4 - https:\/\/yoast.com\/product\/yoast-seo-wordpress\/ -->\n<title>Foto- ja video koolitus - Joel Juht aka JJ<\/title>\n<meta name=\"robots\" content=\"index, follow, max-snippet:-1, max-image-preview:large, max-video-preview:-1\" \/>\n<link rel=\"canonical\" href=\"https:\/\/joeljuht.com\/photo-and-video-workshop\/\" \/>\n<meta property=\"og:locale\" content=\"et_EE\" \/>\n<meta property=\"og:type\" content=\"article\" \/>\n<meta property=\"og:title\" content=\"Foto- ja video koolitus - Joel Juht aka JJ\" \/>\n<meta property=\"og:description\" content=\"JOEL Foto-ja video koolitus \u201cTegeliku ja t\u00f5husa pildistamise eesm\u00e4rk on n\u00e4ha pinnast kaugemale ja j\u00e4\u00e4dvustada looduse ja inimkonna omadusi, mis elavad ja \/ v\u00f5i on olemas k\u00f5igis asjades.\u201d Kellele? Fotohuvilistele Kollektiividele K\u00f5igile huvilistele vanuses 10- MIDA KOOLITUS SISALDAB? Teoreetiline osa nii foto kui ka video kohta T\u00f6\u00f6tlemisprogrammide Lightroom, Finalcut tutvustamine Fotode ja videote t\u00f6\u00f6tlemine V\u00e4rviparandused [&hellip;]\" \/>\n<meta property=\"og:url\" content=\"https:\/\/joeljuht.com\/photo-and-video-workshop\/\" \/>\n<meta property=\"og:site_name\" content=\"Joel Juht aka JJ\" \/>\n<meta property=\"article:modified_time\" content=\"2023-01-03T13:01:37+00:00\" \/>\n<meta property=\"og:image\" content=\"https:\/\/joeljuht.com\/wp-content\/uploads\/2022\/12\/DSC09326.webp\" \/>\n<meta name=\"twitter:card\" content=\"summary_large_image\" \/>\n<meta name=\"twitter:label1\" content=\"Est. reading time\" \/>\n\t<meta name=\"twitter:data1\" content=\"1 minut\" \/>\n<script type=\"application\/ld+json\" class=\"yoast-schema-graph\">{\"@context\":\"https:\\\/\\\/schema.org\",\"@graph\":[{\"@type\":\"WebPage\",\"@id\":\"https:\\\/\\\/joeljuht.com\\\/photo-and-video-workshop\\\/\",\"url\":\"https:\\\/\\\/joeljuht.com\\\/photo-and-video-workshop\\\/\",\"name\":\"Foto- ja video koolitus - Joel Juht aka JJ\",\"isPartOf\":{\"@id\":\"https:\\\/\\\/joeljuht.com\\\/#website\"},\"primaryImageOfPage\":{\"@id\":\"https:\\\/\\\/joeljuht.com\\\/photo-and-video-workshop\\\/#primaryimage\"},\"image\":{\"@id\":\"https:\\\/\\\/joeljuht.com\\\/photo-and-video-workshop\\\/#primaryimage\"},\"thumbnailUrl\":\"https:\\\/\\\/joeljuht.com\\\/wp-content\\\/uploads\\\/2022\\\/12\\\/DSC09326.webp\",\"datePublished\":\"2023-01-02T07:47:16+00:00\",\"dateModified\":\"2023-01-03T13:01:37+00:00\",\"breadcrumb\":{\"@id\":\"https:\\\/\\\/joeljuht.com\\\/photo-and-video-workshop\\\/#breadcrumb\"},\"inLanguage\":\"et\",\"potentialAction\":[{\"@type\":\"ReadAction\",\"target\":[\"https:\\\/\\\/joeljuht.com\\\/photo-and-video-workshop\\\/\"]}]},{\"@type\":\"ImageObject\",\"inLanguage\":\"et\",\"@id\":\"https:\\\/\\\/joeljuht.com\\\/photo-and-video-workshop\\\/#primaryimage\",\"url\":\"https:\\\/\\\/joeljuht.com\\\/wp-content\\\/uploads\\\/2022\\\/12\\\/DSC09326.webp\",\"contentUrl\":\"https:\\\/\\\/joeljuht.com\\\/wp-content\\\/uploads\\\/2022\\\/12\\\/DSC09326.webp\"},{\"@type\":\"BreadcrumbList\",\"@id\":\"https:\\\/\\\/joeljuht.com\\\/photo-and-video-workshop\\\/#breadcrumb\",\"itemListElement\":[{\"@type\":\"ListItem\",\"position\":1,\"name\":\"Home\",\"item\":\"https:\\\/\\\/joeljuht.com\\\/\"},{\"@type\":\"ListItem\",\"position\":2,\"name\":\"Foto- ja video koolitus\"}]},{\"@type\":\"WebSite\",\"@id\":\"https:\\\/\\\/joeljuht.com\\\/#website\",\"url\":\"https:\\\/\\\/joeljuht.com\\\/\",\"name\":\"Joel Juht aka JJ\",\"description\":\"Joel Juht aka JJ\",\"publisher\":{\"@id\":\"https:\\\/\\\/joeljuht.com\\\/#organization\"},\"potentialAction\":[{\"@type\":\"SearchAction\",\"target\":{\"@type\":\"EntryPoint\",\"urlTemplate\":\"https:\\\/\\\/joeljuht.com\\\/?s={search_term_string}\"},\"query-input\":{\"@type\":\"PropertyValueSpecification\",\"valueRequired\":true,\"valueName\":\"search_term_string\"}}],\"inLanguage\":\"et\"},{\"@type\":\"Organization\",\"@id\":\"https:\\\/\\\/joeljuht.com\\\/#organization\",\"name\":\"Joel Juht aka JJ\",\"url\":\"https:\\\/\\\/joeljuht.com\\\/\",\"logo\":{\"@type\":\"ImageObject\",\"inLanguage\":\"et\",\"@id\":\"https:\\\/\\\/joeljuht.com\\\/#\\\/schema\\\/logo\\\/image\\\/\",\"url\":\"https:\\\/\\\/joeljuht.com\\\/wp-content\\\/uploads\\\/2022\\\/09\\\/logo-1.png\",\"contentUrl\":\"https:\\\/\\\/joeljuht.com\\\/wp-content\\\/uploads\\\/2022\\\/09\\\/logo-1.png\",\"width\":138,\"height\":138,\"caption\":\"Joel Juht aka JJ\"},\"image\":{\"@id\":\"https:\\\/\\\/joeljuht.com\\\/#\\\/schema\\\/logo\\\/image\\\/\"}}]}<\/script>\n<!-- \/ Yoast SEO plugin. -->","yoast_head_json":{"title":"Foto- ja video koolitus - Joel Juht aka JJ","robots":{"index":"index","follow":"follow","max-snippet":"max-snippet:-1","max-image-preview":"max-image-preview:large","max-video-preview":"max-video-preview:-1"},"canonical":"https:\/\/joeljuht.com\/photo-and-video-workshop\/","og_locale":"et_EE","og_type":"article","og_title":"Foto- ja video koolitus - Joel Juht aka JJ","og_description":"JOEL Foto-ja video koolitus \u201cTegeliku ja t\u00f5husa pildistamise eesm\u00e4rk on n\u00e4ha pinnast kaugemale ja j\u00e4\u00e4dvustada looduse ja inimkonna omadusi, mis elavad ja \/ v\u00f5i on olemas k\u00f5igis asjades.\u201d Kellele? Fotohuvilistele Kollektiividele K\u00f5igile huvilistele vanuses 10- MIDA KOOLITUS SISALDAB? Teoreetiline osa nii foto kui ka video kohta T\u00f6\u00f6tlemisprogrammide Lightroom, Finalcut tutvustamine Fotode ja videote t\u00f6\u00f6tlemine V\u00e4rviparandused [&hellip;]","og_url":"https:\/\/joeljuht.com\/photo-and-video-workshop\/","og_site_name":"Joel Juht aka JJ","article_modified_time":"2023-01-03T13:01:37+00:00","og_image":[{"url":"https:\/\/joeljuht.com\/wp-content\/uploads\/2022\/12\/DSC09326.webp","type":"","width":"","height":""}],"twitter_card":"summary_large_image","twitter_misc":{"Est. reading time":"1 minut"},"schema":{"@context":"https:\/\/schema.org","@graph":[{"@type":"WebPage","@id":"https:\/\/joeljuht.com\/photo-and-video-workshop\/","url":"https:\/\/joeljuht.com\/photo-and-video-workshop\/","name":"Foto- ja video koolitus - Joel Juht aka JJ","isPartOf":{"@id":"https:\/\/joeljuht.com\/#website"},"primaryImageOfPage":{"@id":"https:\/\/joeljuht.com\/photo-and-video-workshop\/#primaryimage"},"image":{"@id":"https:\/\/joeljuht.com\/photo-and-video-workshop\/#primaryimage"},"thumbnailUrl":"https:\/\/joeljuht.com\/wp-content\/uploads\/2022\/12\/DSC09326.webp","datePublished":"2023-01-02T07:47:16+00:00","dateModified":"2023-01-03T13:01:37+00:00","breadcrumb":{"@id":"https:\/\/joeljuht.com\/photo-and-video-workshop\/#breadcrumb"},"inLanguage":"et","potentialAction":[{"@type":"ReadAction","target":["https:\/\/joeljuht.com\/photo-and-video-workshop\/"]}]},{"@type":"ImageObject","inLanguage":"et","@id":"https:\/\/joeljuht.com\/photo-and-video-workshop\/#primaryimage","url":"https:\/\/joeljuht.com\/wp-content\/uploads\/2022\/12\/DSC09326.webp","contentUrl":"https:\/\/joeljuht.com\/wp-content\/uploads\/2022\/12\/DSC09326.webp"},{"@type":"BreadcrumbList","@id":"https:\/\/joeljuht.com\/photo-and-video-workshop\/#breadcrumb","itemListElement":[{"@type":"ListItem","position":1,"name":"Home","item":"https:\/\/joeljuht.com\/"},{"@type":"ListItem","position":2,"name":"Foto- ja video koolitus"}]},{"@type":"WebSite","@id":"https:\/\/joeljuht.com\/#website","url":"https:\/\/joeljuht.com\/","name":"Joel Juht aka JJ","description":"Joel Juht aka JJ","publisher":{"@id":"https:\/\/joeljuht.com\/#organization"},"potentialAction":[{"@type":"SearchAction","target":{"@type":"EntryPoint","urlTemplate":"https:\/\/joeljuht.com\/?s={search_term_string}"},"query-input":{"@type":"PropertyValueSpecification","valueRequired":true,"valueName":"search_term_string"}}],"inLanguage":"et"},{"@type":"Organization","@id":"https:\/\/joeljuht.com\/#organization","name":"Joel Juht aka JJ","url":"https:\/\/joeljuht.com\/","logo":{"@type":"ImageObject","inLanguage":"et","@id":"https:\/\/joeljuht.com\/#\/schema\/logo\/image\/","url":"https:\/\/joeljuht.com\/wp-content\/uploads\/2022\/09\/logo-1.png","contentUrl":"https:\/\/joeljuht.com\/wp-content\/uploads\/2022\/09\/logo-1.png","width":138,"height":138,"caption":"Joel Juht aka JJ"},"image":{"@id":"https:\/\/joeljuht.com\/#\/schema\/logo\/image\/"}}]}},"_links":{"self":[{"href":"https:\/\/joeljuht.com\/et\/wp-json\/wp\/v2\/pages\/5272","targetHints":{"allow":["GET"]}}],"collection":[{"href":"https:\/\/joeljuht.com\/et\/wp-json\/wp\/v2\/pages"}],"about":[{"href":"https:\/\/joeljuht.com\/et\/wp-json\/wp\/v2\/types\/page"}],"author":[{"embeddable":true,"href":"https:\/\/joeljuht.com\/et\/wp-json\/wp\/v2\/users\/1"}],"replies":[{"embeddable":true,"href":"https:\/\/joeljuht.com\/et\/wp-json\/wp\/v2\/comments?post=5272"}],"version-history":[{"count":8,"href":"https:\/\/joeljuht.com\/et\/wp-json\/wp\/v2\/pages\/5272\/revisions"}],"predecessor-version":[{"id":5656,"href":"https:\/\/joeljuht.com\/et\/wp-json\/wp\/v2\/pages\/5272\/revisions\/5656"}],"wp:attachment":[{"href":"https:\/\/joeljuht.com\/et\/wp-json\/wp\/v2\/media?parent=5272"}],"curies":[{"name":"wp","href":"https:\/\/api.w.org\/{rel}","templated":true}]}}