{"id":4951,"date":"2022-10-06T09:31:48","date_gmt":"2022-10-06T09:31:48","guid":{"rendered":"https:\/\/joeljuht.com\/siimusti-metsatarekese-projekt\/"},"modified":"2022-12-27T13:43:08","modified_gmt":"2022-12-27T13:43:08","slug":"siimusti-metsatarekese-projekt","status":"publish","type":"page","link":"https:\/\/joeljuht.com\/et\/siimusti-metsatarekese-projekt\/","title":{"rendered":"Siimusti Metsatarekese projekt"},"content":{"rendered":"\t\t<div data-elementor-type=\"wp-page\" data-elementor-id=\"4951\" class=\"elementor elementor-4951 elementor-920\" data-elementor-post-type=\"page\">\n\t\t\t\t\t\t<section class=\"elementor-section elementor-top-section elementor-element elementor-element-064fa1e elementor-section-full_width elementor-section-height-min-height elementor-section-items-stretch elementor-section-content-middle elementor-reverse-tablet elementor-reverse-mobile elementor-section-height-default\" data-id=\"064fa1e\" data-element_type=\"section\" data-e-type=\"section\" data-settings=\"{&quot;background_background&quot;:&quot;classic&quot;}\">\n\t\t\t\t\t\t<div class=\"elementor-container elementor-column-gap-no\">\n\t\t\t\t\t<div class=\"elementor-column elementor-col-50 elementor-top-column elementor-element elementor-element-98897e1\" data-id=\"98897e1\" data-element_type=\"column\" data-e-type=\"column\" data-settings=\"{&quot;background_background&quot;:&quot;classic&quot;}\">\n\t\t\t<div class=\"elementor-widget-wrap elementor-element-populated\">\n\t\t\t\t\t\t<div class=\"elementor-element elementor-element-c6ef76b elementor-widget elementor-widget-image\" data-id=\"c6ef76b\" data-element_type=\"widget\" data-e-type=\"widget\" data-settings=\"{&quot;motion_fx_motion_fx_scrolling&quot;:&quot;yes&quot;,&quot;motion_fx_translateX_effect&quot;:&quot;yes&quot;,&quot;motion_fx_translateX_direction&quot;:&quot;negative&quot;,&quot;motion_fx_translateX_speed&quot;:{&quot;unit&quot;:&quot;px&quot;,&quot;size&quot;:1,&quot;sizes&quot;:[]},&quot;motion_fx_translateX_affectedRange&quot;:{&quot;unit&quot;:&quot;%&quot;,&quot;size&quot;:&quot;&quot;,&quot;sizes&quot;:{&quot;start&quot;:0,&quot;end&quot;:100}},&quot;motion_fx_devices&quot;:[&quot;desktop&quot;,&quot;tablet&quot;,&quot;mobile&quot;]}\" data-widget_type=\"image.default\">\n\t\t\t\t<div class=\"elementor-widget-container\">\n\t\t\t\t\t\t\t\t\t\t\t\t\t\t\t<img fetchpriority=\"high\" decoding=\"async\" width=\"1600\" height=\"1200\" src=\"https:\/\/joeljuht.com\/wp-content\/uploads\/2022\/10\/IMG_5318.webp\" class=\"attachment-full size-full wp-image-4381\" alt=\"\" srcset=\"https:\/\/joeljuht.com\/wp-content\/uploads\/2022\/10\/IMG_5318.webp 1600w, https:\/\/joeljuht.com\/wp-content\/uploads\/2022\/10\/IMG_5318-600x450.webp 600w, https:\/\/joeljuht.com\/wp-content\/uploads\/2022\/10\/IMG_5318-300x225.webp 300w, https:\/\/joeljuht.com\/wp-content\/uploads\/2022\/10\/IMG_5318-1024x768.webp 1024w, https:\/\/joeljuht.com\/wp-content\/uploads\/2022\/10\/IMG_5318-768x576.webp 768w, https:\/\/joeljuht.com\/wp-content\/uploads\/2022\/10\/IMG_5318-1536x1152.webp 1536w\" sizes=\"(max-width: 1600px) 100vw, 1600px\" \/>\t\t\t\t\t\t\t\t\t\t\t\t\t\t\t<\/div>\n\t\t\t\t<\/div>\n\t\t\t\t<div class=\"elementor-element elementor-element-3282fb8 elementor-widget elementor-widget-image\" data-id=\"3282fb8\" data-element_type=\"widget\" data-e-type=\"widget\" data-settings=\"{&quot;motion_fx_motion_fx_scrolling&quot;:&quot;yes&quot;,&quot;motion_fx_translateX_effect&quot;:&quot;yes&quot;,&quot;motion_fx_translateX_direction&quot;:&quot;negative&quot;,&quot;motion_fx_translateX_speed&quot;:{&quot;unit&quot;:&quot;px&quot;,&quot;size&quot;:1,&quot;sizes&quot;:[]},&quot;motion_fx_translateX_affectedRange&quot;:{&quot;unit&quot;:&quot;%&quot;,&quot;size&quot;:&quot;&quot;,&quot;sizes&quot;:{&quot;start&quot;:0,&quot;end&quot;:100}},&quot;motion_fx_devices&quot;:[&quot;desktop&quot;,&quot;tablet&quot;,&quot;mobile&quot;]}\" data-widget_type=\"image.default\">\n\t\t\t\t<div class=\"elementor-widget-container\">\n\t\t\t\t\t\t\t\t\t\t\t\t\t\t\t<img decoding=\"async\" width=\"768\" height=\"576\" src=\"https:\/\/joeljuht.com\/wp-content\/uploads\/2022\/10\/IMG_5295-768x576-1.jpg\" class=\"attachment-full size-full wp-image-4397\" alt=\"\" srcset=\"https:\/\/joeljuht.com\/wp-content\/uploads\/2022\/10\/IMG_5295-768x576-1.jpg 768w, https:\/\/joeljuht.com\/wp-content\/uploads\/2022\/10\/IMG_5295-768x576-1-600x450.jpg 600w, https:\/\/joeljuht.com\/wp-content\/uploads\/2022\/10\/IMG_5295-768x576-1-300x225.jpg 300w\" sizes=\"(max-width: 768px) 100vw, 768px\" \/>\t\t\t\t\t\t\t\t\t\t\t\t\t\t\t<\/div>\n\t\t\t\t<\/div>\n\t\t\t\t<div class=\"elementor-element elementor-element-4be9df2 elementor-widget elementor-widget-image\" data-id=\"4be9df2\" data-element_type=\"widget\" data-e-type=\"widget\" data-settings=\"{&quot;motion_fx_motion_fx_scrolling&quot;:&quot;yes&quot;,&quot;motion_fx_translateX_effect&quot;:&quot;yes&quot;,&quot;motion_fx_translateX_direction&quot;:&quot;negative&quot;,&quot;motion_fx_translateX_speed&quot;:{&quot;unit&quot;:&quot;px&quot;,&quot;size&quot;:1,&quot;sizes&quot;:[]},&quot;motion_fx_translateX_affectedRange&quot;:{&quot;unit&quot;:&quot;%&quot;,&quot;size&quot;:&quot;&quot;,&quot;sizes&quot;:{&quot;start&quot;:0,&quot;end&quot;:100}},&quot;motion_fx_devices&quot;:[&quot;desktop&quot;,&quot;tablet&quot;,&quot;mobile&quot;]}\" data-widget_type=\"image.default\">\n\t\t\t\t<div class=\"elementor-widget-container\">\n\t\t\t\t\t\t\t\t\t\t\t\t\t\t\t<img decoding=\"async\" width=\"768\" height=\"576\" src=\"https:\/\/joeljuht.com\/wp-content\/uploads\/2022\/10\/IMG_5321-2-768x576-1.jpg\" class=\"attachment-full size-full wp-image-4395\" alt=\"\" srcset=\"https:\/\/joeljuht.com\/wp-content\/uploads\/2022\/10\/IMG_5321-2-768x576-1.jpg 768w, https:\/\/joeljuht.com\/wp-content\/uploads\/2022\/10\/IMG_5321-2-768x576-1-600x450.jpg 600w, https:\/\/joeljuht.com\/wp-content\/uploads\/2022\/10\/IMG_5321-2-768x576-1-300x225.jpg 300w\" sizes=\"(max-width: 768px) 100vw, 768px\" \/>\t\t\t\t\t\t\t\t\t\t\t\t\t\t\t<\/div>\n\t\t\t\t<\/div>\n\t\t\t\t<div class=\"elementor-element elementor-element-cf02aed elementor-widget elementor-widget-image\" data-id=\"cf02aed\" data-element_type=\"widget\" data-e-type=\"widget\" data-settings=\"{&quot;motion_fx_motion_fx_scrolling&quot;:&quot;yes&quot;,&quot;motion_fx_translateX_effect&quot;:&quot;yes&quot;,&quot;motion_fx_translateX_direction&quot;:&quot;negative&quot;,&quot;motion_fx_translateX_speed&quot;:{&quot;unit&quot;:&quot;px&quot;,&quot;size&quot;:1,&quot;sizes&quot;:[]},&quot;motion_fx_translateX_affectedRange&quot;:{&quot;unit&quot;:&quot;%&quot;,&quot;size&quot;:&quot;&quot;,&quot;sizes&quot;:{&quot;start&quot;:0,&quot;end&quot;:100}},&quot;motion_fx_devices&quot;:[&quot;desktop&quot;,&quot;tablet&quot;,&quot;mobile&quot;]}\" data-widget_type=\"image.default\">\n\t\t\t\t<div class=\"elementor-widget-container\">\n\t\t\t\t\t\t\t\t\t\t\t\t\t\t\t<img loading=\"lazy\" decoding=\"async\" width=\"768\" height=\"576\" src=\"https:\/\/joeljuht.com\/wp-content\/uploads\/2022\/10\/IMG_5305-768x576-1.jpg\" class=\"attachment-full size-full wp-image-4396\" alt=\"\" srcset=\"https:\/\/joeljuht.com\/wp-content\/uploads\/2022\/10\/IMG_5305-768x576-1.jpg 768w, https:\/\/joeljuht.com\/wp-content\/uploads\/2022\/10\/IMG_5305-768x576-1-600x450.jpg 600w, https:\/\/joeljuht.com\/wp-content\/uploads\/2022\/10\/IMG_5305-768x576-1-300x225.jpg 300w\" sizes=\"(max-width: 768px) 100vw, 768px\" \/>\t\t\t\t\t\t\t\t\t\t\t\t\t\t\t<\/div>\n\t\t\t\t<\/div>\n\t\t\t\t\t<\/div>\n\t\t<\/div>\n\t\t\t\t<div class=\"elementor-column elementor-col-50 elementor-top-column elementor-element elementor-element-fc2d306\" data-id=\"fc2d306\" data-element_type=\"column\" data-e-type=\"column\" data-settings=\"{&quot;background_background&quot;:&quot;classic&quot;}\">\n\t\t\t<div class=\"elementor-widget-wrap elementor-element-populated\">\n\t\t\t\t\t\t<div class=\"elementor-element elementor-element-3cf8dd9 elementor-invisible elementor-widget elementor-widget-heading\" data-id=\"3cf8dd9\" data-element_type=\"widget\" data-e-type=\"widget\" data-settings=\"{&quot;_animation&quot;:&quot;fadeInUp&quot;}\" data-widget_type=\"heading.default\">\n\t\t\t\t<div class=\"elementor-widget-container\">\n\t\t\t\t\t<h2 class=\"elementor-heading-title elementor-size-default\">Siimusti Metsatarekese projekt<\/h2>\t\t\t\t<\/div>\n\t\t\t\t<\/div>\n\t\t\t\t<div class=\"elementor-element elementor-element-d093c42 elementor-widget elementor-widget-text-editor\" data-id=\"d093c42\" data-element_type=\"widget\" data-e-type=\"widget\" data-widget_type=\"text-editor.default\">\n\t\t\t\t<div class=\"elementor-widget-container\">\n\t\t\t\t\t\t\t\t\t<p>See oli minu esimene heategevusprojekt, mille eesm\u00e4rk oli aidata ehitada spordiparki Siimusti inimestele ja eriti varjupaiga lastele.<\/p>\n<h5><strong>Ait\u00e4h k\u00f5igile, kes tegid selle v\u00f5imalikuks!<\/strong><\/h5>\n<ul>\n<li>J\u00f5geva Vallavalitsus<\/li>\n<li>JJ-Street Laste ja Pere Fond<\/li>\n<li>JJ-Street Tantsukool<\/li>\n<li>Liipa Talu<\/li>\n<li>Aivar Villemson<\/li>\n<li>Maarika Aro<\/li>\n<li>Sillen Sillar<\/li>\n<li>Martin Ploom<\/li>\n<li>Janeli Kunnberg<\/li>\n<li>Maali Pruul<\/li>\n<li>Markus T\u00f5nissaar<\/li>\n<li>Karl Maasen<\/li>\n<li>JJ-Street Eliitgrupp<\/li>\n<li>Margus Pilv<\/li>\n<li>Kadri J\u00f5este ja Haapsalu pered<\/li>\n<li>Kaspar P\u00e4ll<\/li>\n<li>Janek Kirjutaja<\/li>\n<li>Anne-Liis Sepp<\/li>\n<li>Jane Rattik<\/li>\n<li>Eneli Kaasik<\/li>\n<li>Fimar Group O\u00dc<\/li>\n<li>Mare S\u00f5mer<\/li>\n<li>Helena Ruudi<\/li>\n<li>Egon Eessaar<\/li>\n<li>Margus Oidekivi<\/li>\n<li>Priit Oidram<\/li>\n<li>Joosep Varusk<\/li>\n<li>Anne K\u00fc\u00fcsmaa<\/li>\n<li>Kairit Tammoja<\/li>\n<li>Janar Juht<\/li>\n<li>Peeter Taim<\/li>\n<li>Lea Piirisalu<\/li>\n<li>Piia Tammeniit<\/li>\n<li>Lisanna Mark<\/li>\n<li>Merit Meronen<\/li>\n<li>Marion-Liis Saar<\/li>\n<li>JSP Union O\u00dc<\/li>\n<li>Karoliina Liivak<\/li>\n<li>Mailiis Vosman<\/li>\n<li>Kelly Kull<\/li>\n<li>Kaisa Lomp<\/li>\n<li>Angelina Niilo<\/li>\n<li>Kadri Liivak<\/li>\n<li>Viiu Roosi<\/li>\n<li>Eva Vihtol<\/li>\n<li>Meribel Moldau<\/li>\n<li>Marilyn Uleksin<\/li>\n<li>Daniel Jesus Requena Gorrin<\/li>\n<li>Tea Tamm<\/li>\n<li>Sigre Sipelgas<\/li>\n<li>Helle Soots<\/li>\n<li>Karin Arula<\/li>\n<li>Anre Kuldja<\/li>\n<li>Frank Sumberg<\/li>\n<li>Kati Kattai<\/li>\n<li>Mart Luukas<\/li>\n<li>Jane-Liis Rautam<\/li>\n<li>Ksenija Goidina<\/li>\n<li>Annika Loomus<\/li>\n<li>Meelis Limmer<\/li>\n<li>Helen P\u00e4rtel<\/li>\n<li>Evelina \u017duravljova<\/li>\n<li>Monika Mandri<\/li>\n<li>Stina Metsis<\/li>\n<li>Lisanna Mark<\/li>\n<li>Viktoria Vorontsova<\/li>\n<li>Tanel Kolberg<\/li>\n<li>Jaanus Krigolson<\/li>\n<li>Teele Teder<\/li>\n<li>Kaie Mamontov<\/li>\n<li>Annika Talvar<\/li>\n<li>Meery Reitel<\/li>\n<li>Veronika Raudsepp Linnupuu<\/li>\n<li>Jekaterina Pihlak<\/li>\n<li>Kati Peramets<\/li>\n<li>Monika Kuzmina<\/li>\n<li>Kerli Kiiler<\/li>\n<li>Elke Jaakson<\/li>\n<li>Ehtel Valk<\/li>\n<li>Maarika Priidel<\/li>\n<li>Erlis Sch\u00f6nberg<\/li>\n<li>Torel Neider<\/li>\n<li>Jonel P\u00f5ld<\/li>\n<li>Helle Persitski<\/li>\n<li>Nele Graverson<\/li>\n<li>Helen Grutop<\/li>\n<li>Reine Koppel<\/li>\n<li>Janeli Kunnberg<\/li>\n<li>Kersti Vadi<\/li>\n<li>Eneli Vadi<\/li>\n<li>Eda Orup\u00f5ld<\/li>\n<li>Jane Suvvi<\/li>\n<li>Tiiu Kallis<\/li>\n<li>Diana Legushs<\/li>\n<li>Rebeka Vahkal<\/li>\n<li>Ingi Einaste<\/li>\n<li>Lola Belous<\/li>\n<li>Vanaveski Kultuuriselts<\/li>\n<li>Urban Classics Estonia O\u00dc<\/li>\n<li>Moreen O\u00dc<\/li>\n<li>Tiptiptap O\u00dc<\/li>\n<li>Fimar Group O\u00dc<\/li>\n<li>JSP Union O\u00dc<\/li>\n<\/ul>\n<p><strong><br \/>T\u00e4nan teid s\u00fcdamest!<\/strong><\/p>\n\t\t\t\t\t\t\t\t<\/div>\n\t\t\t\t<\/div>\n\t\t\t\t<div class=\"elementor-element elementor-element-00a0dfd elementor-view-default elementor-invisible elementor-widget elementor-widget-icon\" data-id=\"00a0dfd\" data-element_type=\"widget\" data-e-type=\"widget\" data-settings=\"{&quot;_animation&quot;:&quot;swing&quot;}\" data-widget_type=\"icon.default\">\n\t\t\t\t<div class=\"elementor-widget-container\">\n\t\t\t\t\t\t\t<div class=\"elementor-icon-wrapper\">\n\t\t\t<div class=\"elementor-icon\">\n\t\t\t<svg xmlns=\"http:\/\/www.w3.org\/2000\/svg\" id=\"b4c2e557-e39c-4a7b-bdc2-29354a3ba60e\" data-name=\"Layer 1\" width=\"26\" height=\"64\" viewBox=\"0 0 26 64\"><path d=\"M13.3164,39.0518C7.7529,37.1973,2,35.2793,2,32s5.7529-5.1968,11.3164-7.0513C19.5518,22.87,26,20.7207,26,16S19.5518,9.13,13.3164,7.0513C7.7529,5.1968,2,3.2793,2,0H0C0,4.7207,6.4482,6.87,12.6836,8.9487,18.2471,10.8032,24,12.7207,24,16s-5.7529,5.1968-11.3164,7.0513C6.4482,25.13,0,27.2793,0,32s6.4482,6.87,12.6836,8.9482C18.2471,42.8027,24,44.7207,24,48s-5.7529,5.1973-11.3164,7.0518C6.4482,57.13,0,59.2793,0,64H2c0-3.2793,5.7529-5.1973,11.3164-7.0518C19.5518,54.87,26,52.7207,26,48S19.5518,41.13,13.3164,39.0518Z\"><\/path><\/svg>\t\t\t<\/div>\n\t\t<\/div>\n\t\t\t\t\t\t<\/div>\n\t\t\t\t<\/div>\n\t\t\t\t\t<\/div>\n\t\t<\/div>\n\t\t\t\t\t<\/div>\n\t\t<\/section>\n\t\t\t\t<\/div>\n\t\t","protected":false},"excerpt":{"rendered":"<p>Siimusti Metsatarekese projekt See oli minu esimene heategevusprojekt, mille eesm\u00e4rk oli aidata ehitada spordiparki Siimusti inimestele ja eriti varjupaiga lastele. Ait\u00e4h k\u00f5igile, kes tegid selle v\u00f5imalikuks! J\u00f5geva Vallavalitsus JJ-Street Laste ja Pere Fond JJ-Street Tantsukool Liipa Talu Aivar Villemson Maarika Aro Sillen Sillar Martin Ploom Janeli Kunnberg Maali Pruul Markus T\u00f5nissaar Karl Maasen JJ-Street Eliitgrupp [&hellip;]<\/p>\n","protected":false},"author":1,"featured_media":0,"parent":0,"menu_order":0,"comment_status":"closed","ping_status":"closed","template":"elementor_header_footer","meta":{"footnotes":""},"class_list":["post-4951","page","type-page","status-publish","hentry"],"acf":[],"yoast_head":"<!-- This site is optimized with the Yoast SEO plugin v27.4 - https:\/\/yoast.com\/product\/yoast-seo-wordpress\/ -->\n<title>Siimusti Metsatarekese projekt - Joel Juht aka JJ<\/title>\n<meta name=\"robots\" content=\"index, follow, max-snippet:-1, max-image-preview:large, max-video-preview:-1\" \/>\n<link rel=\"canonical\" href=\"https:\/\/joeljuht.com\/et\/siimusti-metsatarekese-projekt\/\" \/>\n<meta property=\"og:locale\" content=\"et_EE\" \/>\n<meta property=\"og:type\" content=\"article\" \/>\n<meta property=\"og:title\" content=\"Siimusti Metsatarekese projekt - Joel Juht aka JJ\" \/>\n<meta property=\"og:description\" content=\"Siimusti Metsatarekese projekt See oli minu esimene heategevusprojekt, mille eesm\u00e4rk oli aidata ehitada spordiparki Siimusti inimestele ja eriti varjupaiga lastele. Ait\u00e4h k\u00f5igile, kes tegid selle v\u00f5imalikuks! J\u00f5geva Vallavalitsus JJ-Street Laste ja Pere Fond JJ-Street Tantsukool Liipa Talu Aivar Villemson Maarika Aro Sillen Sillar Martin Ploom Janeli Kunnberg Maali Pruul Markus T\u00f5nissaar Karl Maasen JJ-Street Eliitgrupp [&hellip;]\" \/>\n<meta property=\"og:url\" content=\"https:\/\/joeljuht.com\/et\/siimusti-metsatarekese-projekt\/\" \/>\n<meta property=\"og:site_name\" content=\"Joel Juht aka JJ\" \/>\n<meta property=\"article:modified_time\" content=\"2022-12-27T13:43:08+00:00\" \/>\n<meta property=\"og:image\" content=\"https:\/\/joeljuht.com\/wp-content\/uploads\/2022\/10\/IMG_5318.webp\" \/>\n<meta name=\"twitter:card\" content=\"summary_large_image\" \/>\n<meta name=\"twitter:label1\" content=\"Est. reading time\" \/>\n\t<meta name=\"twitter:data1\" content=\"1 minut\" \/>\n<script type=\"application\/ld+json\" class=\"yoast-schema-graph\">{\"@context\":\"https:\\\/\\\/schema.org\",\"@graph\":[{\"@type\":\"WebPage\",\"@id\":\"https:\\\/\\\/joeljuht.com\\\/et\\\/siimusti-metsatarekese-projekt\\\/\",\"url\":\"https:\\\/\\\/joeljuht.com\\\/et\\\/siimusti-metsatarekese-projekt\\\/\",\"name\":\"Siimusti Metsatarekese projekt - Joel Juht aka JJ\",\"isPartOf\":{\"@id\":\"https:\\\/\\\/joeljuht.com\\\/#website\"},\"primaryImageOfPage\":{\"@id\":\"https:\\\/\\\/joeljuht.com\\\/et\\\/siimusti-metsatarekese-projekt\\\/#primaryimage\"},\"image\":{\"@id\":\"https:\\\/\\\/joeljuht.com\\\/et\\\/siimusti-metsatarekese-projekt\\\/#primaryimage\"},\"thumbnailUrl\":\"https:\\\/\\\/joeljuht.com\\\/wp-content\\\/uploads\\\/2022\\\/10\\\/IMG_5318.webp\",\"datePublished\":\"2022-10-06T09:31:48+00:00\",\"dateModified\":\"2022-12-27T13:43:08+00:00\",\"breadcrumb\":{\"@id\":\"https:\\\/\\\/joeljuht.com\\\/et\\\/siimusti-metsatarekese-projekt\\\/#breadcrumb\"},\"inLanguage\":\"et\",\"potentialAction\":[{\"@type\":\"ReadAction\",\"target\":[\"https:\\\/\\\/joeljuht.com\\\/et\\\/siimusti-metsatarekese-projekt\\\/\"]}]},{\"@type\":\"ImageObject\",\"inLanguage\":\"et\",\"@id\":\"https:\\\/\\\/joeljuht.com\\\/et\\\/siimusti-metsatarekese-projekt\\\/#primaryimage\",\"url\":\"https:\\\/\\\/joeljuht.com\\\/wp-content\\\/uploads\\\/2022\\\/10\\\/IMG_5318.webp\",\"contentUrl\":\"https:\\\/\\\/joeljuht.com\\\/wp-content\\\/uploads\\\/2022\\\/10\\\/IMG_5318.webp\"},{\"@type\":\"BreadcrumbList\",\"@id\":\"https:\\\/\\\/joeljuht.com\\\/et\\\/siimusti-metsatarekese-projekt\\\/#breadcrumb\",\"itemListElement\":[{\"@type\":\"ListItem\",\"position\":1,\"name\":\"Home\",\"item\":\"https:\\\/\\\/joeljuht.com\\\/\"},{\"@type\":\"ListItem\",\"position\":2,\"name\":\"Siimusti Metsatarekese projekt\"}]},{\"@type\":\"WebSite\",\"@id\":\"https:\\\/\\\/joeljuht.com\\\/#website\",\"url\":\"https:\\\/\\\/joeljuht.com\\\/\",\"name\":\"Joel Juht aka JJ\",\"description\":\"Joel Juht aka JJ\",\"publisher\":{\"@id\":\"https:\\\/\\\/joeljuht.com\\\/#organization\"},\"potentialAction\":[{\"@type\":\"SearchAction\",\"target\":{\"@type\":\"EntryPoint\",\"urlTemplate\":\"https:\\\/\\\/joeljuht.com\\\/?s={search_term_string}\"},\"query-input\":{\"@type\":\"PropertyValueSpecification\",\"valueRequired\":true,\"valueName\":\"search_term_string\"}}],\"inLanguage\":\"et\"},{\"@type\":\"Organization\",\"@id\":\"https:\\\/\\\/joeljuht.com\\\/#organization\",\"name\":\"Joel Juht aka JJ\",\"url\":\"https:\\\/\\\/joeljuht.com\\\/\",\"logo\":{\"@type\":\"ImageObject\",\"inLanguage\":\"et\",\"@id\":\"https:\\\/\\\/joeljuht.com\\\/#\\\/schema\\\/logo\\\/image\\\/\",\"url\":\"https:\\\/\\\/joeljuht.com\\\/wp-content\\\/uploads\\\/2022\\\/09\\\/logo-1.png\",\"contentUrl\":\"https:\\\/\\\/joeljuht.com\\\/wp-content\\\/uploads\\\/2022\\\/09\\\/logo-1.png\",\"width\":138,\"height\":138,\"caption\":\"Joel Juht aka JJ\"},\"image\":{\"@id\":\"https:\\\/\\\/joeljuht.com\\\/#\\\/schema\\\/logo\\\/image\\\/\"}}]}<\/script>\n<!-- \/ Yoast SEO plugin. -->","yoast_head_json":{"title":"Siimusti Metsatarekese projekt - Joel Juht aka JJ","robots":{"index":"index","follow":"follow","max-snippet":"max-snippet:-1","max-image-preview":"max-image-preview:large","max-video-preview":"max-video-preview:-1"},"canonical":"https:\/\/joeljuht.com\/et\/siimusti-metsatarekese-projekt\/","og_locale":"et_EE","og_type":"article","og_title":"Siimusti Metsatarekese projekt - Joel Juht aka JJ","og_description":"Siimusti Metsatarekese projekt See oli minu esimene heategevusprojekt, mille eesm\u00e4rk oli aidata ehitada spordiparki Siimusti inimestele ja eriti varjupaiga lastele. Ait\u00e4h k\u00f5igile, kes tegid selle v\u00f5imalikuks! J\u00f5geva Vallavalitsus JJ-Street Laste ja Pere Fond JJ-Street Tantsukool Liipa Talu Aivar Villemson Maarika Aro Sillen Sillar Martin Ploom Janeli Kunnberg Maali Pruul Markus T\u00f5nissaar Karl Maasen JJ-Street Eliitgrupp [&hellip;]","og_url":"https:\/\/joeljuht.com\/et\/siimusti-metsatarekese-projekt\/","og_site_name":"Joel Juht aka JJ","article_modified_time":"2022-12-27T13:43:08+00:00","og_image":[{"url":"https:\/\/joeljuht.com\/wp-content\/uploads\/2022\/10\/IMG_5318.webp","type":"","width":"","height":""}],"twitter_card":"summary_large_image","twitter_misc":{"Est. reading time":"1 minut"},"schema":{"@context":"https:\/\/schema.org","@graph":[{"@type":"WebPage","@id":"https:\/\/joeljuht.com\/et\/siimusti-metsatarekese-projekt\/","url":"https:\/\/joeljuht.com\/et\/siimusti-metsatarekese-projekt\/","name":"Siimusti Metsatarekese projekt - Joel Juht aka JJ","isPartOf":{"@id":"https:\/\/joeljuht.com\/#website"},"primaryImageOfPage":{"@id":"https:\/\/joeljuht.com\/et\/siimusti-metsatarekese-projekt\/#primaryimage"},"image":{"@id":"https:\/\/joeljuht.com\/et\/siimusti-metsatarekese-projekt\/#primaryimage"},"thumbnailUrl":"https:\/\/joeljuht.com\/wp-content\/uploads\/2022\/10\/IMG_5318.webp","datePublished":"2022-10-06T09:31:48+00:00","dateModified":"2022-12-27T13:43:08+00:00","breadcrumb":{"@id":"https:\/\/joeljuht.com\/et\/siimusti-metsatarekese-projekt\/#breadcrumb"},"inLanguage":"et","potentialAction":[{"@type":"ReadAction","target":["https:\/\/joeljuht.com\/et\/siimusti-metsatarekese-projekt\/"]}]},{"@type":"ImageObject","inLanguage":"et","@id":"https:\/\/joeljuht.com\/et\/siimusti-metsatarekese-projekt\/#primaryimage","url":"https:\/\/joeljuht.com\/wp-content\/uploads\/2022\/10\/IMG_5318.webp","contentUrl":"https:\/\/joeljuht.com\/wp-content\/uploads\/2022\/10\/IMG_5318.webp"},{"@type":"BreadcrumbList","@id":"https:\/\/joeljuht.com\/et\/siimusti-metsatarekese-projekt\/#breadcrumb","itemListElement":[{"@type":"ListItem","position":1,"name":"Home","item":"https:\/\/joeljuht.com\/"},{"@type":"ListItem","position":2,"name":"Siimusti Metsatarekese projekt"}]},{"@type":"WebSite","@id":"https:\/\/joeljuht.com\/#website","url":"https:\/\/joeljuht.com\/","name":"Joel Juht aka JJ","description":"Joel Juht aka JJ","publisher":{"@id":"https:\/\/joeljuht.com\/#organization"},"potentialAction":[{"@type":"SearchAction","target":{"@type":"EntryPoint","urlTemplate":"https:\/\/joeljuht.com\/?s={search_term_string}"},"query-input":{"@type":"PropertyValueSpecification","valueRequired":true,"valueName":"search_term_string"}}],"inLanguage":"et"},{"@type":"Organization","@id":"https:\/\/joeljuht.com\/#organization","name":"Joel Juht aka JJ","url":"https:\/\/joeljuht.com\/","logo":{"@type":"ImageObject","inLanguage":"et","@id":"https:\/\/joeljuht.com\/#\/schema\/logo\/image\/","url":"https:\/\/joeljuht.com\/wp-content\/uploads\/2022\/09\/logo-1.png","contentUrl":"https:\/\/joeljuht.com\/wp-content\/uploads\/2022\/09\/logo-1.png","width":138,"height":138,"caption":"Joel Juht aka JJ"},"image":{"@id":"https:\/\/joeljuht.com\/#\/schema\/logo\/image\/"}}]}},"_links":{"self":[{"href":"https:\/\/joeljuht.com\/et\/wp-json\/wp\/v2\/pages\/4951","targetHints":{"allow":["GET"]}}],"collection":[{"href":"https:\/\/joeljuht.com\/et\/wp-json\/wp\/v2\/pages"}],"about":[{"href":"https:\/\/joeljuht.com\/et\/wp-json\/wp\/v2\/types\/page"}],"author":[{"embeddable":true,"href":"https:\/\/joeljuht.com\/et\/wp-json\/wp\/v2\/users\/1"}],"replies":[{"embeddable":true,"href":"https:\/\/joeljuht.com\/et\/wp-json\/wp\/v2\/comments?post=4951"}],"version-history":[{"count":1,"href":"https:\/\/joeljuht.com\/et\/wp-json\/wp\/v2\/pages\/4951\/revisions"}],"predecessor-version":[{"id":4952,"href":"https:\/\/joeljuht.com\/et\/wp-json\/wp\/v2\/pages\/4951\/revisions\/4952"}],"wp:attachment":[{"href":"https:\/\/joeljuht.com\/et\/wp-json\/wp\/v2\/media?parent=4951"}],"curies":[{"name":"wp","href":"https:\/\/api.w.org\/{rel}","templated":true}]}}