{"id":4897,"date":"2022-11-08T12:20:23","date_gmt":"2022-11-08T12:20:23","guid":{"rendered":"https:\/\/joeljuht.com\/b2b\/"},"modified":"2024-01-22T13:30:54","modified_gmt":"2024-01-22T13:30:54","slug":"b2b","status":"publish","type":"page","link":"https:\/\/joeljuht.com\/et\/b2b\/","title":{"rendered":"Tagasi p\u00f5hit\u00f5dede juurde"},"content":{"rendered":"\t\t<div data-elementor-type=\"wp-page\" data-elementor-id=\"4897\" class=\"elementor elementor-4897 elementor-2235\" data-elementor-post-type=\"page\">\n\t\t\t\t\t\t<section class=\"elementor-section elementor-top-section elementor-element elementor-element-0b67106 elementor-section-full_width elementor-section-height-default elementor-section-height-default\" data-id=\"0b67106\" data-element_type=\"section\" data-e-type=\"section\">\n\t\t\t\t\t\t<div class=\"elementor-container elementor-column-gap-default\">\n\t\t\t\t\t<div class=\"elementor-column elementor-col-33 elementor-top-column elementor-element elementor-element-e2edeca\" data-id=\"e2edeca\" data-element_type=\"column\" data-e-type=\"column\" data-settings=\"{&quot;background_background&quot;:&quot;classic&quot;}\">\n\t\t\t<div class=\"elementor-widget-wrap elementor-element-populated\">\n\t\t\t\t\t\t<div class=\"elementor-element elementor-element-2346fb0 elementor-widget elementor-widget-image\" data-id=\"2346fb0\" data-element_type=\"widget\" data-e-type=\"widget\" data-settings=\"{&quot;sticky&quot;:&quot;top&quot;,&quot;sticky_offset&quot;:100,&quot;sticky_parent&quot;:&quot;yes&quot;,&quot;sticky_on&quot;:[&quot;desktop&quot;,&quot;tablet&quot;,&quot;mobile&quot;],&quot;sticky_effects_offset&quot;:0,&quot;sticky_anchor_link_offset&quot;:0}\" data-widget_type=\"image.default\">\n\t\t\t\t<div class=\"elementor-widget-container\">\n\t\t\t\t\t\t\t\t\t\t\t\t\t\t\t<img fetchpriority=\"high\" decoding=\"async\" width=\"1414\" height=\"2000\" src=\"https:\/\/joeljuht.com\/wp-content\/uploads\/2023\/10\/Copy-of-B2B-1414-x-2000-px.png\" class=\"attachment-full size-full wp-image-6815\" alt=\"\" srcset=\"https:\/\/joeljuht.com\/wp-content\/uploads\/2023\/10\/Copy-of-B2B-1414-x-2000-px.png 1414w, https:\/\/joeljuht.com\/wp-content\/uploads\/2023\/10\/Copy-of-B2B-1414-x-2000-px-600x849.png 600w, https:\/\/joeljuht.com\/wp-content\/uploads\/2023\/10\/Copy-of-B2B-1414-x-2000-px-212x300.png 212w, https:\/\/joeljuht.com\/wp-content\/uploads\/2023\/10\/Copy-of-B2B-1414-x-2000-px-724x1024.png 724w, https:\/\/joeljuht.com\/wp-content\/uploads\/2023\/10\/Copy-of-B2B-1414-x-2000-px-768x1086.png 768w, https:\/\/joeljuht.com\/wp-content\/uploads\/2023\/10\/Copy-of-B2B-1414-x-2000-px-1086x1536.png 1086w\" sizes=\"(max-width: 1414px) 100vw, 1414px\" \/>\t\t\t\t\t\t\t\t\t\t\t\t\t\t\t<\/div>\n\t\t\t\t<\/div>\n\t\t\t\t\t<\/div>\n\t\t<\/div>\n\t\t\t\t<div class=\"elementor-column elementor-col-66 elementor-top-column elementor-element elementor-element-049e3c4\" data-id=\"049e3c4\" data-element_type=\"column\" data-e-type=\"column\" data-settings=\"{&quot;background_background&quot;:&quot;classic&quot;}\">\n\t\t\t<div class=\"elementor-widget-wrap elementor-element-populated\">\n\t\t\t\t\t\t<section class=\"elementor-section elementor-inner-section elementor-element elementor-element-d6f5b02 elementor-reverse-tablet elementor-reverse-mobile elementor-section-boxed elementor-section-height-default elementor-section-height-default\" data-id=\"d6f5b02\" data-element_type=\"section\" data-e-type=\"section\">\n\t\t\t\t\t\t<div class=\"elementor-container elementor-column-gap-no\">\n\t\t\t\t\t<div class=\"elementor-column elementor-col-100 elementor-inner-column elementor-element elementor-element-ab7166f\" data-id=\"ab7166f\" data-element_type=\"column\" data-e-type=\"column\">\n\t\t\t<div class=\"elementor-widget-wrap elementor-element-populated\">\n\t\t\t\t\t\t<div class=\"elementor-element elementor-element-3362e29 elementor-invisible elementor-widget elementor-widget-heading\" data-id=\"3362e29\" data-element_type=\"widget\" data-e-type=\"widget\" data-settings=\"{&quot;_animation&quot;:&quot;fadeIn&quot;}\" data-widget_type=\"heading.default\">\n\t\t\t\t<div class=\"elementor-widget-container\">\n\t\t\t\t\t<span class=\"elementor-heading-title elementor-size-default\">B2<span style=\"color: #69e2f6\">B<\/span><\/span>\t\t\t\t<\/div>\n\t\t\t\t<\/div>\n\t\t\t\t<div class=\"elementor-element elementor-element-4178c7b elementor-invisible elementor-widget elementor-widget-heading\" data-id=\"4178c7b\" data-element_type=\"widget\" data-e-type=\"widget\" data-settings=\"{&quot;_animation&quot;:&quot;fadeInUp&quot;}\" data-widget_type=\"heading.default\">\n\t\t\t\t<div class=\"elementor-widget-container\">\n\t\t\t\t\t<h2 class=\"elementor-heading-title elementor-size-default\">T\u00e4navatantsu seminar<\/h2>\t\t\t\t<\/div>\n\t\t\t\t<\/div>\n\t\t\t\t<div class=\"elementor-element elementor-element-44c4e32 elementor-invisible elementor-widget elementor-widget-heading\" data-id=\"44c4e32\" data-element_type=\"widget\" data-e-type=\"widget\" data-settings=\"{&quot;_animation&quot;:&quot;fadeInUp&quot;}\" data-widget_type=\"heading.default\">\n\t\t\t\t<div class=\"elementor-widget-container\">\n\t\t\t\t\t<h2 class=\"elementor-heading-title elementor-size-default\">Tagasi p\u00f5hit\u00f5dede juurde<\/h2>\t\t\t\t<\/div>\n\t\t\t\t<\/div>\n\t\t\t\t<div class=\"elementor-element elementor-element-423ec68 elementor-widget elementor-widget-text-editor\" data-id=\"423ec68\" data-element_type=\"widget\" data-e-type=\"widget\" data-widget_type=\"text-editor.default\">\n\t\t\t\t<div class=\"elementor-widget-container\">\n\t\t\t\t\t\t\t\t\t<p dir=\"auto\">Back to the Basics on iga-aastane t\u00e4navatantsu seminar, mida on Joel Juht juba<span style=\"color: var( --e-global-color-5b73eb3 ); font-family: var( --e-global-typography-accent-font-family ), Sans-serif; font-size: var( --e-global-typography-accent-font-size ); font-weight: var( --e-global-typography-accent-font-weight ); letter-spacing: var( --e-global-typography-accent-letter-spacing ); background-color: var( --e-global-color-text );\"> 10 aastat korraldanud. See on andnud tuhandetele inimestele \u00fcle Eesti teadmisi ja oskusi, mis on vajalikud t\u00e4navatantsus edasiliikumiseks. Selle \u00fcrituse eesm\u00e4rk on tuua kokku t\u00e4navakultuuri harrastajad, et tantsida ja \u00f5ppida.<\/span><\/p>\n<p dir=\"auto\">Back to the Basics on nagu t\u00e4navatantsu rahvuslik laulupidu &#8211; koht, kus selle kultuuri inimesed saavad kohtuda. See \u00fcritus on avatud k\u00f5ikidele tantsutasemetele, olgu sa siis professionaal v\u00f5i algaja. Iga aasta seminar keskendub \u00fchele konkreetsele teemale, mis kuulutatakse v\u00e4lja enne \u00fcrituse toimumist, ning sisaldab nii teoreetilisi kui ka praktilisi \u00f5ppetunde.<\/p>\n\t\t\t\t\t\t\t\t<\/div>\n\t\t\t\t<\/div>\n\t\t\t\t<div class=\"elementor-element elementor-element-5ae3ad9 elementor-widget elementor-widget-toggle\" data-id=\"5ae3ad9\" data-element_type=\"widget\" data-e-type=\"widget\" data-widget_type=\"toggle.default\">\n\t\t\t\t<div class=\"elementor-widget-container\">\n\t\t\t\t\t\t\t<div class=\"elementor-toggle\">\n\t\t\t\t\t\t\t<div class=\"elementor-toggle-item\">\n\t\t\t\t\t<div id=\"elementor-tab-title-9531\" class=\"elementor-tab-title\" data-tab=\"1\" role=\"button\" aria-controls=\"elementor-tab-content-9531\" aria-expanded=\"false\">\n\t\t\t\t\t\t\t\t\t\t\t\t<span class=\"elementor-toggle-icon elementor-toggle-icon-left\" aria-hidden=\"true\">\n\t\t\t\t\t\t\t\t\t\t\t\t\t\t\t<span class=\"elementor-toggle-icon-closed\"><i class=\"fas fa-caret-right\"><\/i><\/span>\n\t\t\t\t\t\t\t\t<span class=\"elementor-toggle-icon-opened\"><i class=\"elementor-toggle-icon-opened fas fa-caret-up\"><\/i><\/span>\n\t\t\t\t\t\t\t\t\t\t\t\t\t<\/span>\n\t\t\t\t\t\t\t\t\t\t\t\t<a class=\"elementor-toggle-title\" tabindex=\"0\">Miks kaaluda koolitust Joel Juhtiga?<\/a>\n\t\t\t\t\t<\/div>\n\n\t\t\t\t\t<div id=\"elementor-tab-content-9531\" class=\"elementor-tab-content elementor-clearfix\" data-tab=\"1\" role=\"region\" aria-labelledby=\"elementor-tab-title-9531\"><p>Tal on \u00fcle kolmek\u00fcmne aasta kogemust treenerina ja t\u00e4navatantsu teerajajana, edendades t\u00e4navatantsukultuuri kogu Eestis alates 1993. aastast. Joeli asutatud JJ-Street Dance Company on esimene t\u00e4navatantsustuudio Eestis ja t\u00e4histab t\u00e4navu oma 20. aastap\u00e4eva. Ta on olnud Eesti esimese hiphop-tantsur\u00fchma 34U liige, teinud koreograafiaid lauljatele ja ansamblitele nii Eestis kui ka v\u00e4lismaal, v\u00f5itnud erinevaid tantsuv\u00f5istlusi ning t\u00f6\u00f6tanud tantsu\u00f5petaja ja koreograafina. Ta on Eesti T\u00e4navatantsijate Liidu ametlik juhatuse liige. Joel on andnud noortele suurep\u00e4rast eeskuju, et nad ise kasvaksid eeskujuks ja elaksid aktiivset eluviisi. Tema \u00f5pilased on v\u00f5itnud arvukalt v\u00f5istlusi kogu maailmas ja esindavad j\u00e4tkuvalt t\u00e4navatantsu.<\/p>\n<\/div>\n\t\t\t\t<\/div>\n\t\t\t\t\t\t\t\t<\/div>\n\t\t\t\t\t\t<\/div>\n\t\t\t\t<\/div>\n\t\t\t\t<div class=\"elementor-element elementor-element-3717f4e elementor-widget__width-auto elementor-widget elementor-widget-heading\" data-id=\"3717f4e\" data-element_type=\"widget\" data-e-type=\"widget\" data-settings=\"{&quot;motion_fx_motion_fx_scrolling&quot;:&quot;yes&quot;,&quot;motion_fx_translateX_effect&quot;:&quot;yes&quot;,&quot;motion_fx_translateX_direction&quot;:&quot;negative&quot;,&quot;motion_fx_translateX_affectedRange&quot;:{&quot;unit&quot;:&quot;%&quot;,&quot;size&quot;:&quot;&quot;,&quot;sizes&quot;:{&quot;start&quot;:&quot;0&quot;,&quot;end&quot;:&quot;50&quot;}},&quot;motion_fx_translateX_speed&quot;:{&quot;unit&quot;:&quot;px&quot;,&quot;size&quot;:&quot;1&quot;,&quot;sizes&quot;:[]},&quot;motion_fx_devices&quot;:[&quot;desktop&quot;,&quot;tablet&quot;,&quot;mobile&quot;]}\" data-widget_type=\"heading.default\">\n\t\t\t\t<div class=\"elementor-widget-container\">\n\t\t\t\t\t<span class=\"elementor-heading-title elementor-size-default\"><a href=\"https:\/\/fb.me\/e\/3BRKfcon0\" target=\"_blank\">tule ja tantsi minuga<\/a><\/span>\t\t\t\t<\/div>\n\t\t\t\t<\/div>\n\t\t\t\t<div class=\"elementor-element elementor-element-11bbe01 elementor-widget elementor-widget-video\" data-id=\"11bbe01\" data-element_type=\"widget\" data-e-type=\"widget\" data-settings=\"{&quot;youtube_url&quot;:&quot;https:\\\/\\\/www.youtube.com\\\/watch?v=JJbd1Krh3Ts&quot;,&quot;autoplay&quot;:&quot;yes&quot;,&quot;play_on_mobile&quot;:&quot;yes&quot;,&quot;loop&quot;:&quot;yes&quot;,&quot;video_type&quot;:&quot;youtube&quot;,&quot;controls&quot;:&quot;yes&quot;}\" data-widget_type=\"video.default\">\n\t\t\t\t<div class=\"elementor-widget-container\">\n\t\t\t\t\t\t\t<div class=\"elementor-wrapper elementor-open-inline\">\n\t\t\t<div class=\"elementor-video\"><\/div>\t\t<\/div>\n\t\t\t\t\t\t<\/div>\n\t\t\t\t<\/div>\n\t\t\t\t<div class=\"elementor-element elementor-element-adcee7b elementor-invisible elementor-widget elementor-widget-heading\" data-id=\"adcee7b\" data-element_type=\"widget\" data-e-type=\"widget\" data-settings=\"{&quot;_animation&quot;:&quot;fadeInUp&quot;}\" data-widget_type=\"heading.default\">\n\t\t\t\t<div class=\"elementor-widget-container\">\n\t\t\t\t\t<h2 class=\"elementor-heading-title elementor-size-default\">Pane ennast kirja<\/h2>\t\t\t\t<\/div>\n\t\t\t\t<\/div>\n\t\t\t\t<div class=\"elementor-element elementor-element-22ffe25 elementor-button-align-center elementor-widget elementor-widget-form\" data-id=\"22ffe25\" data-element_type=\"widget\" data-e-type=\"widget\" data-settings=\"{&quot;step_next_label&quot;:&quot;J\\u00e4rgmine&quot;,&quot;step_previous_label&quot;:&quot;Eelmine&quot;,&quot;button_width&quot;:&quot;100&quot;,&quot;step_type&quot;:&quot;number_text&quot;,&quot;step_icon_shape&quot;:&quot;circle&quot;}\" data-widget_type=\"form.default\">\n\t\t\t\t<div class=\"elementor-widget-container\">\n\t\t\t\t\t\t\t<form class=\"elementor-form\" method=\"post\" name=\"B2B Form\" aria-label=\"B2B Form\">\n\t\t\t<input type=\"hidden\" name=\"post_id\" value=\"4897\"\/>\n\t\t\t<input type=\"hidden\" name=\"form_id\" value=\"22ffe25\"\/>\n\t\t\t<input type=\"hidden\" name=\"referer_title\" value=\"Tagasi p\u00f5hit\u00f5dede juurde - Joel Juht aka JJ\" \/>\n\n\t\t\t\t\t\t\t<input type=\"hidden\" name=\"queried_id\" value=\"4897\"\/>\n\t\t\t\n\t\t\t<div class=\"elementor-form-fields-wrapper elementor-labels-\">\n\t\t\t\t\t\t\t\t<div class=\"elementor-field-type-text elementor-field-group elementor-column elementor-field-group-firstname elementor-col-50 elementor-field-required\">\n\t\t\t\t\t\t\t\t\t\t\t\t<label for=\"form-field-firstname\" class=\"elementor-field-label elementor-screen-only\">\n\t\t\t\t\t\t\t\tEesnimi*\t\t\t\t\t\t\t<\/label>\n\t\t\t\t\t\t\t\t\t\t\t\t\t\t<input size=\"1\" type=\"text\" name=\"form_fields[firstname]\" id=\"form-field-firstname\" class=\"elementor-field elementor-size-sm  elementor-field-textual\" placeholder=\"Eesnimi*\" required=\"required\">\n\t\t\t\t\t\t\t\t\t\t\t<\/div>\n\t\t\t\t\t\t\t\t<div class=\"elementor-field-type-text elementor-field-group elementor-column elementor-field-group-lastname elementor-col-50 elementor-field-required\">\n\t\t\t\t\t\t\t\t\t\t\t\t<label for=\"form-field-lastname\" class=\"elementor-field-label elementor-screen-only\">\n\t\t\t\t\t\t\t\tPerenimi*\t\t\t\t\t\t\t<\/label>\n\t\t\t\t\t\t\t\t\t\t\t\t\t\t<input size=\"1\" type=\"text\" name=\"form_fields[lastname]\" id=\"form-field-lastname\" class=\"elementor-field elementor-size-sm  elementor-field-textual\" placeholder=\"Perenimi*\" required=\"required\">\n\t\t\t\t\t\t\t\t\t\t\t<\/div>\n\t\t\t\t\t\t\t\t<div class=\"elementor-field-type-email elementor-field-group elementor-column elementor-field-group-email2 elementor-col-100 elementor-field-required\">\n\t\t\t\t\t\t\t\t\t\t\t\t<label for=\"form-field-email2\" class=\"elementor-field-label elementor-screen-only\">\n\t\t\t\t\t\t\t\tE-posti aadress*\t\t\t\t\t\t\t<\/label>\n\t\t\t\t\t\t\t\t\t\t\t\t\t\t<input size=\"1\" type=\"email\" name=\"form_fields[email2]\" id=\"form-field-email2\" class=\"elementor-field elementor-size-sm  elementor-field-textual\" placeholder=\"E-posti aadress*\" required=\"required\">\n\t\t\t\t\t\t\t\t\t\t\t<\/div>\n\t\t\t\t\t\t\t\t<div class=\"elementor-field-type-recaptcha_v3 elementor-field-group elementor-column elementor-field-group-field_594e4b4 elementor-col-100 recaptcha_v3-bottomright\">\n\t\t\t\t\t<div class=\"elementor-field\" id=\"form-field-field_594e4b4\"><div class=\"elementor-g-recaptcha\" data-sitekey=\"6Lf0KuQjAAAAAPDhoAKqNbxnOxTEKbrnyfgE3524\" data-type=\"v3\" data-action=\"Form\" data-badge=\"bottomright\" data-size=\"invisible\"><\/div><\/div>\t\t\t\t<\/div>\n\t\t\t\t\t\t\t\t<div class=\"elementor-field-group elementor-column elementor-field-type-submit elementor-col-100 e-form__buttons\">\n\t\t\t\t\t<button class=\"elementor-button elementor-size-sm\" type=\"submit\">\n\t\t\t\t\t\t<span class=\"elementor-button-content-wrapper\">\n\t\t\t\t\t\t\t\t\t\t\t\t\t\t\t\t\t\t\t\t\t\t<span class=\"elementor-button-text\">Registreeri<\/span>\n\t\t\t\t\t\t\t\t\t\t\t\t\t<\/span>\n\t\t\t\t\t<\/button>\n\t\t\t\t<\/div>\n\t\t\t<\/div>\n\t\t<\/form>\n\t\t\t\t\t\t<\/div>\n\t\t\t\t<\/div>\n\t\t\t\t\t<\/div>\n\t\t<\/div>\n\t\t\t\t\t<\/div>\n\t\t<\/section>\n\t\t\t\t\t<\/div>\n\t\t<\/div>\n\t\t\t\t\t<\/div>\n\t\t<\/section>\n\t\t\t\t<\/div>\n\t\t","protected":false},"excerpt":{"rendered":"<p>B2B T\u00e4navatantsu seminar Tagasi p\u00f5hit\u00f5dede juurde Back to the Basics on iga-aastane t\u00e4navatantsu seminar, mida on Joel Juht juba 10 aastat korraldanud. See on andnud tuhandetele inimestele \u00fcle Eesti teadmisi ja oskusi, mis on vajalikud t\u00e4navatantsus edasiliikumiseks. Selle \u00fcrituse eesm\u00e4rk on tuua kokku t\u00e4navakultuuri harrastajad, et tantsida ja \u00f5ppida. Back to the Basics on nagu [&hellip;]<\/p>\n","protected":false},"author":1,"featured_media":0,"parent":0,"menu_order":0,"comment_status":"closed","ping_status":"closed","template":"elementor_header_footer","meta":{"footnotes":""},"class_list":["post-4897","page","type-page","status-publish","hentry"],"acf":[],"yoast_head":"<!-- This site is optimized with the Yoast SEO plugin v27.4 - https:\/\/yoast.com\/product\/yoast-seo-wordpress\/ -->\n<title>Tagasi p\u00f5hit\u00f5dede juurde - Joel Juht aka JJ<\/title>\n<meta name=\"robots\" content=\"index, follow, max-snippet:-1, max-image-preview:large, max-video-preview:-1\" \/>\n<link rel=\"canonical\" href=\"https:\/\/joeljuht.com\/b2b\/\" \/>\n<meta property=\"og:locale\" content=\"et_EE\" \/>\n<meta property=\"og:type\" content=\"article\" \/>\n<meta property=\"og:title\" content=\"Tagasi p\u00f5hit\u00f5dede juurde - Joel Juht aka JJ\" \/>\n<meta property=\"og:description\" content=\"B2B T\u00e4navatantsu seminar Tagasi p\u00f5hit\u00f5dede juurde Back to the Basics on iga-aastane t\u00e4navatantsu seminar, mida on Joel Juht juba 10 aastat korraldanud. See on andnud tuhandetele inimestele \u00fcle Eesti teadmisi ja oskusi, mis on vajalikud t\u00e4navatantsus edasiliikumiseks. Selle \u00fcrituse eesm\u00e4rk on tuua kokku t\u00e4navakultuuri harrastajad, et tantsida ja \u00f5ppida. Back to the Basics on nagu [&hellip;]\" \/>\n<meta property=\"og:url\" content=\"https:\/\/joeljuht.com\/b2b\/\" \/>\n<meta property=\"og:site_name\" content=\"Joel Juht aka JJ\" \/>\n<meta property=\"article:modified_time\" content=\"2024-01-22T13:30:54+00:00\" \/>\n<meta property=\"og:image\" content=\"https:\/\/joeljuht.com\/wp-content\/uploads\/2023\/10\/Copy-of-B2B-1414-x-2000-px.png\" \/>\n<meta name=\"twitter:card\" content=\"summary_large_image\" \/>\n<meta name=\"twitter:label1\" content=\"Est. reading time\" \/>\n\t<meta name=\"twitter:data1\" content=\"2 minutit\" \/>\n<script type=\"application\/ld+json\" class=\"yoast-schema-graph\">{\"@context\":\"https:\\\/\\\/schema.org\",\"@graph\":[{\"@type\":\"WebPage\",\"@id\":\"https:\\\/\\\/joeljuht.com\\\/b2b\\\/\",\"url\":\"https:\\\/\\\/joeljuht.com\\\/b2b\\\/\",\"name\":\"Tagasi p\u00f5hit\u00f5dede juurde - Joel Juht aka JJ\",\"isPartOf\":{\"@id\":\"https:\\\/\\\/joeljuht.com\\\/#website\"},\"primaryImageOfPage\":{\"@id\":\"https:\\\/\\\/joeljuht.com\\\/b2b\\\/#primaryimage\"},\"image\":{\"@id\":\"https:\\\/\\\/joeljuht.com\\\/b2b\\\/#primaryimage\"},\"thumbnailUrl\":\"https:\\\/\\\/joeljuht.com\\\/wp-content\\\/uploads\\\/2023\\\/10\\\/Copy-of-B2B-1414-x-2000-px.png\",\"datePublished\":\"2022-11-08T12:20:23+00:00\",\"dateModified\":\"2024-01-22T13:30:54+00:00\",\"breadcrumb\":{\"@id\":\"https:\\\/\\\/joeljuht.com\\\/b2b\\\/#breadcrumb\"},\"inLanguage\":\"et\",\"potentialAction\":[{\"@type\":\"ReadAction\",\"target\":[\"https:\\\/\\\/joeljuht.com\\\/b2b\\\/\"]}]},{\"@type\":\"ImageObject\",\"inLanguage\":\"et\",\"@id\":\"https:\\\/\\\/joeljuht.com\\\/b2b\\\/#primaryimage\",\"url\":\"https:\\\/\\\/joeljuht.com\\\/wp-content\\\/uploads\\\/2023\\\/10\\\/Copy-of-B2B-1414-x-2000-px.png\",\"contentUrl\":\"https:\\\/\\\/joeljuht.com\\\/wp-content\\\/uploads\\\/2023\\\/10\\\/Copy-of-B2B-1414-x-2000-px.png\"},{\"@type\":\"BreadcrumbList\",\"@id\":\"https:\\\/\\\/joeljuht.com\\\/b2b\\\/#breadcrumb\",\"itemListElement\":[{\"@type\":\"ListItem\",\"position\":1,\"name\":\"Home\",\"item\":\"https:\\\/\\\/joeljuht.com\\\/\"},{\"@type\":\"ListItem\",\"position\":2,\"name\":\"Tagasi p\u00f5hit\u00f5dede juurde\"}]},{\"@type\":\"WebSite\",\"@id\":\"https:\\\/\\\/joeljuht.com\\\/#website\",\"url\":\"https:\\\/\\\/joeljuht.com\\\/\",\"name\":\"Joel Juht aka JJ\",\"description\":\"Joel Juht aka JJ\",\"publisher\":{\"@id\":\"https:\\\/\\\/joeljuht.com\\\/#organization\"},\"potentialAction\":[{\"@type\":\"SearchAction\",\"target\":{\"@type\":\"EntryPoint\",\"urlTemplate\":\"https:\\\/\\\/joeljuht.com\\\/?s={search_term_string}\"},\"query-input\":{\"@type\":\"PropertyValueSpecification\",\"valueRequired\":true,\"valueName\":\"search_term_string\"}}],\"inLanguage\":\"et\"},{\"@type\":\"Organization\",\"@id\":\"https:\\\/\\\/joeljuht.com\\\/#organization\",\"name\":\"Joel Juht aka JJ\",\"url\":\"https:\\\/\\\/joeljuht.com\\\/\",\"logo\":{\"@type\":\"ImageObject\",\"inLanguage\":\"et\",\"@id\":\"https:\\\/\\\/joeljuht.com\\\/#\\\/schema\\\/logo\\\/image\\\/\",\"url\":\"https:\\\/\\\/joeljuht.com\\\/wp-content\\\/uploads\\\/2022\\\/09\\\/logo-1.png\",\"contentUrl\":\"https:\\\/\\\/joeljuht.com\\\/wp-content\\\/uploads\\\/2022\\\/09\\\/logo-1.png\",\"width\":138,\"height\":138,\"caption\":\"Joel Juht aka JJ\"},\"image\":{\"@id\":\"https:\\\/\\\/joeljuht.com\\\/#\\\/schema\\\/logo\\\/image\\\/\"}}]}<\/script>\n<!-- \/ Yoast SEO plugin. -->","yoast_head_json":{"title":"Tagasi p\u00f5hit\u00f5dede juurde - Joel Juht aka JJ","robots":{"index":"index","follow":"follow","max-snippet":"max-snippet:-1","max-image-preview":"max-image-preview:large","max-video-preview":"max-video-preview:-1"},"canonical":"https:\/\/joeljuht.com\/b2b\/","og_locale":"et_EE","og_type":"article","og_title":"Tagasi p\u00f5hit\u00f5dede juurde - Joel Juht aka JJ","og_description":"B2B T\u00e4navatantsu seminar Tagasi p\u00f5hit\u00f5dede juurde Back to the Basics on iga-aastane t\u00e4navatantsu seminar, mida on Joel Juht juba 10 aastat korraldanud. See on andnud tuhandetele inimestele \u00fcle Eesti teadmisi ja oskusi, mis on vajalikud t\u00e4navatantsus edasiliikumiseks. Selle \u00fcrituse eesm\u00e4rk on tuua kokku t\u00e4navakultuuri harrastajad, et tantsida ja \u00f5ppida. Back to the Basics on nagu [&hellip;]","og_url":"https:\/\/joeljuht.com\/b2b\/","og_site_name":"Joel Juht aka JJ","article_modified_time":"2024-01-22T13:30:54+00:00","og_image":[{"url":"https:\/\/joeljuht.com\/wp-content\/uploads\/2023\/10\/Copy-of-B2B-1414-x-2000-px.png","type":"","width":"","height":""}],"twitter_card":"summary_large_image","twitter_misc":{"Est. reading time":"2 minutit"},"schema":{"@context":"https:\/\/schema.org","@graph":[{"@type":"WebPage","@id":"https:\/\/joeljuht.com\/b2b\/","url":"https:\/\/joeljuht.com\/b2b\/","name":"Tagasi p\u00f5hit\u00f5dede juurde - Joel Juht aka JJ","isPartOf":{"@id":"https:\/\/joeljuht.com\/#website"},"primaryImageOfPage":{"@id":"https:\/\/joeljuht.com\/b2b\/#primaryimage"},"image":{"@id":"https:\/\/joeljuht.com\/b2b\/#primaryimage"},"thumbnailUrl":"https:\/\/joeljuht.com\/wp-content\/uploads\/2023\/10\/Copy-of-B2B-1414-x-2000-px.png","datePublished":"2022-11-08T12:20:23+00:00","dateModified":"2024-01-22T13:30:54+00:00","breadcrumb":{"@id":"https:\/\/joeljuht.com\/b2b\/#breadcrumb"},"inLanguage":"et","potentialAction":[{"@type":"ReadAction","target":["https:\/\/joeljuht.com\/b2b\/"]}]},{"@type":"ImageObject","inLanguage":"et","@id":"https:\/\/joeljuht.com\/b2b\/#primaryimage","url":"https:\/\/joeljuht.com\/wp-content\/uploads\/2023\/10\/Copy-of-B2B-1414-x-2000-px.png","contentUrl":"https:\/\/joeljuht.com\/wp-content\/uploads\/2023\/10\/Copy-of-B2B-1414-x-2000-px.png"},{"@type":"BreadcrumbList","@id":"https:\/\/joeljuht.com\/b2b\/#breadcrumb","itemListElement":[{"@type":"ListItem","position":1,"name":"Home","item":"https:\/\/joeljuht.com\/"},{"@type":"ListItem","position":2,"name":"Tagasi p\u00f5hit\u00f5dede juurde"}]},{"@type":"WebSite","@id":"https:\/\/joeljuht.com\/#website","url":"https:\/\/joeljuht.com\/","name":"Joel Juht aka JJ","description":"Joel Juht aka JJ","publisher":{"@id":"https:\/\/joeljuht.com\/#organization"},"potentialAction":[{"@type":"SearchAction","target":{"@type":"EntryPoint","urlTemplate":"https:\/\/joeljuht.com\/?s={search_term_string}"},"query-input":{"@type":"PropertyValueSpecification","valueRequired":true,"valueName":"search_term_string"}}],"inLanguage":"et"},{"@type":"Organization","@id":"https:\/\/joeljuht.com\/#organization","name":"Joel Juht aka JJ","url":"https:\/\/joeljuht.com\/","logo":{"@type":"ImageObject","inLanguage":"et","@id":"https:\/\/joeljuht.com\/#\/schema\/logo\/image\/","url":"https:\/\/joeljuht.com\/wp-content\/uploads\/2022\/09\/logo-1.png","contentUrl":"https:\/\/joeljuht.com\/wp-content\/uploads\/2022\/09\/logo-1.png","width":138,"height":138,"caption":"Joel Juht aka JJ"},"image":{"@id":"https:\/\/joeljuht.com\/#\/schema\/logo\/image\/"}}]}},"_links":{"self":[{"href":"https:\/\/joeljuht.com\/et\/wp-json\/wp\/v2\/pages\/4897","targetHints":{"allow":["GET"]}}],"collection":[{"href":"https:\/\/joeljuht.com\/et\/wp-json\/wp\/v2\/pages"}],"about":[{"href":"https:\/\/joeljuht.com\/et\/wp-json\/wp\/v2\/types\/page"}],"author":[{"embeddable":true,"href":"https:\/\/joeljuht.com\/et\/wp-json\/wp\/v2\/users\/1"}],"replies":[{"embeddable":true,"href":"https:\/\/joeljuht.com\/et\/wp-json\/wp\/v2\/comments?post=4897"}],"version-history":[{"count":40,"href":"https:\/\/joeljuht.com\/et\/wp-json\/wp\/v2\/pages\/4897\/revisions"}],"predecessor-version":[{"id":7292,"href":"https:\/\/joeljuht.com\/et\/wp-json\/wp\/v2\/pages\/4897\/revisions\/7292"}],"wp:attachment":[{"href":"https:\/\/joeljuht.com\/et\/wp-json\/wp\/v2\/media?parent=4897"}],"curies":[{"name":"wp","href":"https:\/\/api.w.org\/{rel}","templated":true}]}}